{"id":37,"date":"2025-05-24T20:25:23","date_gmt":"2025-05-24T23:25:23","guid":{"rendered":"https:\/\/grupomd-eng.com\/?page_id=37"},"modified":"2025-11-21T19:28:39","modified_gmt":"2025-11-21T22:28:39","slug":"elementor-37","status":"publish","type":"page","link":"https:\/\/grupomd-eng.com\/?page_id=37","title":{"rendered":"Quem Somos"},"content":{"rendered":"\t\t<div data-elementor-type=\"wp-post\" data-elementor-id=\"37\" class=\"elementor elementor-37\" data-elementor-post-type=\"page\">\n\t\t\t\t\t\t\t\t\t<section class=\"elementor-section elementor-top-section elementor-element elementor-element-31d26d7 elementor-section-boxed elementor-section-height-default elementor-section-height-default wpr-particle-no wpr-jarallax-no wpr-parallax-no wpr-sticky-section-no\" data-id=\"31d26d7\" data-element_type=\"section\">\n\t\t\t\t\t\t<div class=\"elementor-container elementor-column-gap-default\">\n\t\t\t\t\t<div class=\"elementor-column elementor-col-50 elementor-top-column elementor-element elementor-element-994c35a\" data-id=\"994c35a\" data-element_type=\"column\">\n\t\t\t<div class=\"elementor-widget-wrap elementor-element-populated\">\n\t\t\t\t\t\t\t\t<div class=\"elementor-element elementor-element-8adf4f4 elementor-widget elementor-widget-text-editor\" data-id=\"8adf4f4\" data-element_type=\"widget\" data-widget_type=\"text-editor.default\">\n\t\t\t\t<div class=\"elementor-widget-container\">\n\t\t\t<style>\/*! elementor - v3.14.0 - 26-06-2023 *\/\n.elementor-widget-text-editor.elementor-drop-cap-view-stacked .elementor-drop-cap{background-color:#69727d;color:#fff}.elementor-widget-text-editor.elementor-drop-cap-view-framed .elementor-drop-cap{color:#69727d;border:3px solid;background-color:transparent}.elementor-widget-text-editor:not(.elementor-drop-cap-view-default) .elementor-drop-cap{margin-top:8px}.elementor-widget-text-editor:not(.elementor-drop-cap-view-default) .elementor-drop-cap-letter{width:1em;height:1em}.elementor-widget-text-editor .elementor-drop-cap{float:left;text-align:center;line-height:1;font-size:50px}.elementor-widget-text-editor .elementor-drop-cap-letter{display:inline-block}<\/style>\t\t\t\t<div id=\"column_o9CMw\" class=\"hc_column_cnt col-md-8 \"><div class=\"row\"><div class=\"col-md-12 hc_text_block_cnt\"><div id=\"3RgMt\" class=\" \"><p>Criada em 2011, a\u00a0<b>MD Engenharia<\/b>\u00a0tem vasta experi\u00eancia em gerenciamento de projetos e obras. Sua filosofia consiste em oferecer todos os servi\u00e7os e ferramentas necess\u00e1rias para a constru\u00e7\u00e3o de novos empreendimentos, garantindo solu\u00e7\u00f5es inovadoras e gerando valor aos nossos clientes atrav\u00e9s da busca pelo menor prazo, o menor custo e a qualidade total desejada.<br \/>Entendemos que ao nascer um novo empreendimento, n\u00e3o est\u00e1 surgindo apenas mais um projeto e obra como \u00e9 tratado pelas empresas do mercado, e sim, vemos antes de tudo o nascimento de uma nova vis\u00e3o, um desejo, uma necessidade e at\u00e9 mesmo um sonho.<\/p><p>N\u00f3s da\u00a0<b>MD Engenharia<\/b>, trabalhamos junto com nossos clientes tratando seus projetos como sonhos, e para que este sonho se concretize na sua melhor forma, aplicando nosso profundo conhecimento de mercado e nossos servi\u00e7os coletivos de consultoria, engenharia e gerenciamento de projetos, buscamos a melhor estrat\u00e9gia, gerenciando e mitigando riscos afim de garantir resultados excepcionais que atendam aos objetivos de neg\u00f3cios e agregue valor ao seu produto, superando suas expectativas e criando um relacionamento para o futuro.<\/p><p>Caminhamos pela BUSCA DA EXCEL\u00caNCIA, objetivo que se reflete n\u00e3o apenas em padr\u00f5es t\u00e9cnicos, \u00e9ticos e est\u00e9ticos, mas tamb\u00e9m em nossa atitude e estado de esp\u00edrito. Excel\u00eancia pressup\u00f5e conhecimento e qualidade. Como dito pelo fil\u00f3sofo Arist\u00f3teles: \u201cSomos o que repetidamente fazemos. A excel\u00eancia, portanto, n\u00e3o \u00e9 um feito, mas um h\u00e1bito! \u201d.<br \/>Sempre em busca de novos desafios, a empresa tem um portf\u00f3lio que inclui gerenciamento nos setores de sa\u00fade, centros comerciais, shopping centers e ind\u00fastrias<\/p><\/div><\/div><\/div><\/div><div id=\"column_HJg50\" class=\"hc_column_cnt col-md-4 white boxed \"><div class=\"row\"><div class=\"col-md-12 hc_text_block_cnt\"><div id=\"kogOC\" class=\" \">O Engenheiro de Produ\u00e7\u00e3o Marcelo Duarte, Master of Business Administration e tamb\u00e9m tecn\u00f3logo em Constru\u00e7\u00e3o Civil, \u00e9 visto como exemplo de empreendedor, com uma carreira e vida marcada por superar grandes desafios e dificuldades, sempre cativante, ousado, inquieto, vibrante e cheio de energia para prosseguir na jornada de criar, transformar, inovar e empreender, buscando sempre contribuir de maneira efetiva para o desenvolvimento da nossa sociedade.<\/div><\/div><\/div><\/div><div id=\"column_MArJF\" class=\"hc_column_cnt col-md-12 \"><div class=\"row\">\u00a0<\/div><\/div>\t\t\t\t\t\t<\/div>\n\t\t\t\t<\/div>\n\t\t\t\t\t<\/div>\n\t\t<\/div>\n\t\t\t\t<div class=\"elementor-column elementor-col-50 elementor-top-column elementor-element elementor-element-0e40530\" data-id=\"0e40530\" data-element_type=\"column\">\n\t\t\t<div class=\"elementor-widget-wrap elementor-element-populated\">\n\t\t\t\t\t\t\t\t<div class=\"elementor-element elementor-element-73f664c elementor-widget elementor-widget-image\" data-id=\"73f664c\" data-element_type=\"widget\" data-widget_type=\"image.default\">\n\t\t\t\t<div class=\"elementor-widget-container\">\n\t\t\t<style>\/*! elementor - v3.14.0 - 26-06-2023 *\/\n.elementor-widget-image{text-align:center}.elementor-widget-image a{display:inline-block}.elementor-widget-image a img[src$=\".svg\"]{width:48px}.elementor-widget-image img{vertical-align:middle;display:inline-block}<\/style>\t\t\t\t\t\t\t\t\t\t\t\t<img loading=\"lazy\" decoding=\"async\" width=\"819\" height=\"1024\" src=\"https:\/\/grupomd-eng.com\/wp-content\/uploads\/2025\/05\/IMG-20250524-WA02141-819x1024.jpg\" class=\"attachment-large size-large wp-image-42\" alt=\"\" srcset=\"https:\/\/grupomd-eng.com\/wp-content\/uploads\/2025\/05\/IMG-20250524-WA02141-819x1024.jpg 819w, https:\/\/grupomd-eng.com\/wp-content\/uploads\/2025\/05\/IMG-20250524-WA02141-240x300.jpg 240w, https:\/\/grupomd-eng.com\/wp-content\/uploads\/2025\/05\/IMG-20250524-WA02141-768x960.jpg 768w, https:\/\/grupomd-eng.com\/wp-content\/uploads\/2025\/05\/IMG-20250524-WA02141.jpg 1080w\" sizes=\"auto, (max-width: 819px) 100vw, 819px\" \/>\t\t\t\t\t\t\t\t\t\t\t\t\t\t\t<\/div>\n\t\t\t\t<\/div>\n\t\t\t\t\t<\/div>\n\t\t<\/div>\n\t\t\t\t\t\t\t<\/div>\n\t\t<\/section>\n\t\t\t\t<section class=\"elementor-section elementor-top-section elementor-element elementor-element-6ea2061 elementor-section-boxed elementor-section-height-default elementor-section-height-default wpr-particle-no wpr-jarallax-no wpr-parallax-no wpr-sticky-section-no\" data-id=\"6ea2061\" data-element_type=\"section\">\n\t\t\t\t\t\t<div class=\"elementor-container elementor-column-gap-default\">\n\t\t\t\t\t<div class=\"elementor-column elementor-col-33 elementor-top-column elementor-element elementor-element-8116293\" data-id=\"8116293\" data-element_type=\"column\">\n\t\t\t<div class=\"elementor-widget-wrap elementor-element-populated\">\n\t\t\t\t\t\t\t\t<div class=\"elementor-element elementor-element-a7588f7 elementor-widget elementor-widget-heading\" data-id=\"a7588f7\" data-element_type=\"widget\" data-widget_type=\"heading.default\">\n\t\t\t\t<div class=\"elementor-widget-container\">\n\t\t\t<style>\/*! elementor - v3.14.0 - 26-06-2023 *\/\n.elementor-heading-title{padding:0;margin:0;line-height:1}.elementor-widget-heading .elementor-heading-title[class*=elementor-size-]>a{color:inherit;font-size:inherit;line-height:inherit}.elementor-widget-heading .elementor-heading-title.elementor-size-small{font-size:15px}.elementor-widget-heading .elementor-heading-title.elementor-size-medium{font-size:19px}.elementor-widget-heading .elementor-heading-title.elementor-size-large{font-size:29px}.elementor-widget-heading .elementor-heading-title.elementor-size-xl{font-size:39px}.elementor-widget-heading .elementor-heading-title.elementor-size-xxl{font-size:59px}<\/style><h2 class=\"elementor-heading-title elementor-size-default\">Miss\u00e3o<\/h2>\t\t<\/div>\n\t\t\t\t<\/div>\n\t\t\t\t<div class=\"elementor-element elementor-element-0ce491a elementor-widget elementor-widget-text-editor\" data-id=\"0ce491a\" data-element_type=\"widget\" data-widget_type=\"text-editor.default\">\n\t\t\t\t<div class=\"elementor-widget-container\">\n\t\t\t\t\t\t\t<p>Atender nossos clientes com clareza e comprometimento, garantindo o sucesso de cada empreendimento em custos, prazos, qualidade e seguran\u00e7a. Atuamos com vis\u00e3o de dono, unindo a expertise e o conhecimento t\u00e9cnico da nossa equipe \u00e0 \u00e9tica, \u00e0 transpar\u00eancia e \u00e0 busca constante pela excel\u00eancia.<\/p>\t\t\t\t\t\t<\/div>\n\t\t\t\t<\/div>\n\t\t\t\t\t<\/div>\n\t\t<\/div>\n\t\t\t\t<div class=\"elementor-column elementor-col-33 elementor-top-column elementor-element elementor-element-e1ab49a\" data-id=\"e1ab49a\" data-element_type=\"column\">\n\t\t\t<div class=\"elementor-widget-wrap elementor-element-populated\">\n\t\t\t\t\t\t\t\t<div class=\"elementor-element elementor-element-aa6504a elementor-widget elementor-widget-heading\" data-id=\"aa6504a\" data-element_type=\"widget\" data-widget_type=\"heading.default\">\n\t\t\t\t<div class=\"elementor-widget-container\">\n\t\t\t<h2 class=\"elementor-heading-title elementor-size-default\">Vis\u00e3o<\/h2>\t\t<\/div>\n\t\t\t\t<\/div>\n\t\t\t\t<div class=\"elementor-element elementor-element-2e09f89 elementor-widget elementor-widget-text-editor\" data-id=\"2e09f89\" data-element_type=\"widget\" data-widget_type=\"text-editor.default\">\n\t\t\t\t<div class=\"elementor-widget-container\">\n\t\t\t\t\t\t\t<p>Ser reconhecida, no Brasil e no exterior, como refer\u00eancia em engenharia corporativa de alto padr\u00e3o, pela qualidade, inova\u00e7\u00e3o e excel\u00eancia de nossas obras. Crescer de forma sustent\u00e1vel e cont\u00ednua, preservando nossa reputa\u00e7\u00e3o s\u00f3lida, fortalecendo relacionamentos duradouros e oferecendo solu\u00e7\u00f5es turnkey completas, do planejamento \u00e0 entrega.<\/p>\t\t\t\t\t\t<\/div>\n\t\t\t\t<\/div>\n\t\t\t\t\t<\/div>\n\t\t<\/div>\n\t\t\t\t<div class=\"elementor-column elementor-col-33 elementor-top-column elementor-element elementor-element-832d33c\" data-id=\"832d33c\" data-element_type=\"column\">\n\t\t\t<div class=\"elementor-widget-wrap elementor-element-populated\">\n\t\t\t\t\t\t\t\t<div class=\"elementor-element elementor-element-842afca elementor-widget elementor-widget-heading\" data-id=\"842afca\" data-element_type=\"widget\" data-widget_type=\"heading.default\">\n\t\t\t\t<div class=\"elementor-widget-container\">\n\t\t\t<h2 class=\"elementor-heading-title elementor-size-default\">Valores<\/h2>\t\t<\/div>\n\t\t\t\t<\/div>\n\t\t\t\t<div class=\"elementor-element elementor-element-15c69ab elementor-widget elementor-widget-text-editor\" data-id=\"15c69ab\" data-element_type=\"widget\" data-widget_type=\"text-editor.default\">\n\t\t\t\t<div class=\"elementor-widget-container\">\n\t\t\t\t\t\t\t<p><strong>\u00c9<\/strong>t<b>ica:<\/b> Agimos com transpar\u00eancia, integridade e conduta exemplar em<br \/>todas as rela\u00e7\u00f5es.<br \/>R<b>espeito:<\/b> Valorizamos a confian\u00e7a, a honestidade e o apre\u00e7o m\u00fatuo entre<br \/>todos os envolvidos em cada projeto.<br \/><strong>Comprometimento:<\/strong> Atuamos com proatividade e empatia, sempre com<br \/>vis\u00e3o de dono e foco nos resultados.<br \/><strong>Responsabilidade:<\/strong> Cumprimos com rigor os objetivos, prazos e<br \/>expectativas de nossos clientes.<br \/><strong>Compet\u00eancia:<\/strong> Aplicamos nossa experi\u00eancia e conhecimento t\u00e9cnico para antecipar cen\u00e1rios, definir estrat\u00e9gias e gerar valor em cada entrega.<\/p>\t\t\t\t\t\t<\/div>\n\t\t\t\t<\/div>\n\t\t\t\t\t<\/div>\n\t\t<\/div>\n\t\t\t\t\t\t\t<\/div>\n\t\t<\/section>\n\t\t\t\t\t\t\t<\/div>\n\t\t","protected":false},"excerpt":{"rendered":"<p>Criada em 2011, a\u00a0MD Engenharia\u00a0tem vasta experi\u00eancia em gerenciamento de projetos e obras. Sua filosofia consiste em oferecer todos os servi\u00e7os e ferramentas necess\u00e1rias para a constru\u00e7\u00e3o de novos empreendimentos, garantindo solu\u00e7\u00f5es inovadoras e gerando valor aos nossos clientes atrav\u00e9s da busca pelo menor prazo, o menor custo e a qualidade total desejada.Entendemos que ao nascer um novo empreendimento, n\u00e3o est\u00e1 surgindo apenas mais um projeto e obra como \u00e9 tratado pelas empresas do mercado, e sim, vemos antes de tudo o nascimento de uma nova vis\u00e3o, um desejo, uma necessidade e at\u00e9 mesmo um sonho. N\u00f3s da\u00a0MD Engenharia, trabalhamos junto com nossos clientes tratando seus projetos como sonhos, e para que este sonho se concretize na sua melhor forma, aplicando nosso profundo conhecimento de mercado e nossos servi\u00e7os coletivos de consultoria, engenharia e gerenciamento de projetos, buscamos a melhor estrat\u00e9gia, gerenciando e mitigando riscos afim de garantir resultados excepcionais que atendam aos objetivos de neg\u00f3cios e agregue valor ao seu produto, superando suas expectativas e criando um relacionamento para o futuro. Caminhamos pela BUSCA DA EXCEL\u00caNCIA, objetivo que se reflete n\u00e3o apenas em padr\u00f5es t\u00e9cnicos, \u00e9ticos e est\u00e9ticos, mas tamb\u00e9m em nossa atitude e estado de esp\u00edrito. Excel\u00eancia pressup\u00f5e conhecimento e qualidade. Como dito pelo fil\u00f3sofo Arist\u00f3teles: \u201cSomos o que repetidamente fazemos. A excel\u00eancia, portanto, n\u00e3o \u00e9 um feito, mas um h\u00e1bito! \u201d.Sempre em busca de novos desafios, a empresa tem um portf\u00f3lio que inclui gerenciamento nos setores de sa\u00fade, centros comerciais, shopping centers e ind\u00fastrias O Engenheiro de Produ\u00e7\u00e3o Marcelo Duarte, Master of Business Administration e tamb\u00e9m tecn\u00f3logo em Constru\u00e7\u00e3o Civil, \u00e9 visto como exemplo de empreendedor, com uma carreira e vida marcada por superar grandes desafios e dificuldades, sempre cativante, ousado, inquieto, vibrante e cheio de energia para prosseguir na jornada de criar, transformar, inovar e empreender, buscando sempre contribuir de maneira efetiva para o desenvolvimento da nossa sociedade.\u00a0 Miss\u00e3o Atender nossos clientes com clareza e comprometimento, garantindo o sucesso de cada empreendimento em custos, prazos, qualidade e seguran\u00e7a. Atuamos com vis\u00e3o de dono, unindo a expertise e o conhecimento t\u00e9cnico da nossa equipe \u00e0 \u00e9tica, \u00e0 transpar\u00eancia e \u00e0 busca constante pela excel\u00eancia. Vis\u00e3o Ser reconhecida, no Brasil e no exterior, como refer\u00eancia em engenharia corporativa de alto padr\u00e3o, pela qualidade, inova\u00e7\u00e3o e excel\u00eancia de nossas obras. Crescer de forma sustent\u00e1vel e cont\u00ednua, preservando nossa reputa\u00e7\u00e3o s\u00f3lida, fortalecendo relacionamentos duradouros e oferecendo solu\u00e7\u00f5es turnkey completas, do planejamento \u00e0 entrega. Valores \u00c9tica: Agimos com transpar\u00eancia, integridade e conduta exemplar emtodas as rela\u00e7\u00f5es.Respeito: Valorizamos a confian\u00e7a, a honestidade e o apre\u00e7o m\u00fatuo entretodos os envolvidos em cada projeto.Comprometimento: Atuamos com proatividade e empatia, sempre comvis\u00e3o de dono e foco nos resultados.Responsabilidade: Cumprimos com rigor os objetivos, prazos eexpectativas de nossos clientes.Compet\u00eancia: Aplicamos nossa experi\u00eancia e conhecimento t\u00e9cnico para antecipar cen\u00e1rios, definir estrat\u00e9gias e gerar valor em cada entrega.<\/p>\n","protected":false},"author":1,"featured_media":0,"parent":0,"menu_order":0,"comment_status":"closed","ping_status":"closed","template":"","meta":{"site-sidebar-layout":"no-sidebar","site-content-layout":"","ast-site-content-layout":"full-width-container","site-content-style":"default","site-sidebar-style":"default","ast-global-header-display":"","ast-banner-title-visibility":"","ast-main-header-display":"","ast-hfb-above-header-display":"","ast-hfb-below-header-display":"","ast-hfb-mobile-header-display":"","site-post-title":"disabled","ast-breadcrumbs-content":"","ast-featured-img":"disabled","footer-sml-layout":"","theme-transparent-header-meta":"","adv-header-id-meta":"","stick-header-meta":"","header-above-stick-meta":"","header-main-stick-meta":"","header-below-stick-meta":"","astra-migrate-meta-layouts":"default","ast-page-background-enabled":"default","ast-page-background-meta":{"desktop":{"background-color":"var(--ast-global-color-5)","background-image":"","background-repeat":"repeat","background-position":"center center","background-size":"auto","background-attachment":"scroll","background-type":"","background-media":"","overlay-type":"","overlay-color":"","overlay-opacity":"","overlay-gradient":""},"tablet":{"background-color":"","background-image":"","background-repeat":"repeat","background-position":"center center","background-size":"auto","background-attachment":"scroll","background-type":"","background-media":"","overlay-type":"","overlay-color":"","overlay-opacity":"","overlay-gradient":""},"mobile":{"background-color":"","background-image":"","background-repeat":"repeat","background-position":"center center","background-size":"auto","background-attachment":"scroll","background-type":"","background-media":"","overlay-type":"","overlay-color":"","overlay-opacity":"","overlay-gradient":""}},"ast-content-background-meta":{"desktop":{"background-color":"var(--ast-global-color-4)","background-image":"","background-repeat":"repeat","background-position":"center center","background-size":"auto","background-attachment":"scroll","background-type":"","background-media":"","overlay-type":"","overlay-color":"","overlay-opacity":"","overlay-gradient":""},"tablet":{"background-color":"var(--ast-global-color-4)","background-image":"","background-repeat":"repeat","background-position":"center center","background-size":"auto","background-attachment":"scroll","background-type":"","background-media":"","overlay-type":"","overlay-color":"","overlay-opacity":"","overlay-gradient":""},"mobile":{"background-color":"var(--ast-global-color-4)","background-image":"","background-repeat":"repeat","background-position":"center center","background-size":"auto","background-attachment":"scroll","background-type":"","background-media":"","overlay-type":"","overlay-color":"","overlay-opacity":"","overlay-gradient":""}},"footnotes":""},"class_list":["post-37","page","type-page","status-publish","hentry"],"_links":{"self":[{"href":"https:\/\/grupomd-eng.com\/index.php?rest_route=\/wp\/v2\/pages\/37","targetHints":{"allow":["GET"]}}],"collection":[{"href":"https:\/\/grupomd-eng.com\/index.php?rest_route=\/wp\/v2\/pages"}],"about":[{"href":"https:\/\/grupomd-eng.com\/index.php?rest_route=\/wp\/v2\/types\/page"}],"author":[{"embeddable":true,"href":"https:\/\/grupomd-eng.com\/index.php?rest_route=\/wp\/v2\/users\/1"}],"replies":[{"embeddable":true,"href":"https:\/\/grupomd-eng.com\/index.php?rest_route=%2Fwp%2Fv2%2Fcomments&post=37"}],"version-history":[{"count":22,"href":"https:\/\/grupomd-eng.com\/index.php?rest_route=\/wp\/v2\/pages\/37\/revisions"}],"predecessor-version":[{"id":354,"href":"https:\/\/grupomd-eng.com\/index.php?rest_route=\/wp\/v2\/pages\/37\/revisions\/354"}],"wp:attachment":[{"href":"https:\/\/grupomd-eng.com\/index.php?rest_route=%2Fwp%2Fv2%2Fmedia&parent=37"}],"curies":[{"name":"wp","href":"https:\/\/api.w.org\/{rel}","templated":true}]}}